{"id":1092,"date":"2023-05-12T23:08:03","date_gmt":"2023-05-12T23:08:03","guid":{"rendered":"https:\/\/fertinvent.com\/product\/fecondyl-h-lallie-de-la-fertilite-masculine\/"},"modified":"2025-08-04T07:39:21","modified_gmt":"2025-08-04T07:39:21","slug":"fecondyl-h","status":"publish","type":"product","link":"https:\/\/fertinvent.com\/fr\/produit\/fecondyl-h\/","title":{"rendered":"Fecondyl H &#8211; Nutriments pour la fertilit\u00e9 masculine"},"content":{"rendered":"","protected":false},"excerpt":{"rendered":"<p data-start=\"1058\" data-end=\"1197\"><strong data-start=\"1058\" data-end=\"1195\">Fecondyl H<\/strong> est un compl\u00e9ment alimentaire formul\u00e9 avec des acides amin\u00e9s, des antioxydants, des vitamines et des oligo-\u00e9l\u00e9ments, dont le zinc et le s\u00e9l\u00e9nium.<\/p>\n<p data-start=\"1204\" data-end=\"1270\">Il apporte des nutriments cl\u00e9s impliqu\u00e9s dans la sant\u00e9 reproductive masculine.<\/p>\n<ul data-start=\"1273\" data-end=\"1540\">\n<li data-start=\"1273\" data-end=\"1334\">\n<p data-start=\"1275\" data-end=\"1334\">Le zinc contribue \u00e0 une fertilit\u00e9 et une reproduction normales.<\/p>\n<\/li>\n<li data-start=\"1337\" data-end=\"1391\">\n<p data-start=\"1339\" data-end=\"1391\">Le s\u00e9l\u00e9nium contribue \u00e0 une spermatogen\u00e8se normale.<\/p>\n<\/li>\n<li data-start=\"1394\" data-end=\"1442\">\n<p data-start=\"1396\" data-end=\"1442\">Le zinc contribue \u00e0 une synth\u00e8se normale de l\u2019ADN.<\/p>\n<\/li>\n<li data-start=\"1445\" data-end=\"1540\">\n<p data-start=\"1447\" data-end=\"1540\">La vitamine E, le zinc et le s\u00e9l\u00e9nium contribuent \u00e0 prot\u00e9ger les cellules contre le stress oxydatif.<\/p>\n<\/li>\n<\/ul>\n<p>\u212e 182 g<\/p>\n<p>98 comprim\u00e9s<\/p>\n<p>&nbsp;<\/p>\n","protected":false},"featured_media":795,"template":"","meta":[],"product_cat":[42],"product_tag":[44],"_links":{"self":[{"href":"https:\/\/fertinvent.com\/fr\/wp-json\/wp\/v2\/product\/1092"}],"collection":[{"href":"https:\/\/fertinvent.com\/fr\/wp-json\/wp\/v2\/product"}],"about":[{"href":"https:\/\/fertinvent.com\/fr\/wp-json\/wp\/v2\/types\/product"}],"wp:featuredmedia":[{"embeddable":true,"href":"https:\/\/fertinvent.com\/fr\/wp-json\/wp\/v2\/media\/795"}],"wp:attachment":[{"href":"https:\/\/fertinvent.com\/fr\/wp-json\/wp\/v2\/media?parent=1092"}],"wp:term":[{"taxonomy":"product_cat","embeddable":true,"href":"https:\/\/fertinvent.com\/fr\/wp-json\/wp\/v2\/product_cat?post=1092"},{"taxonomy":"product_tag","embeddable":true,"href":"https:\/\/fertinvent.com\/fr\/wp-json\/wp\/v2\/product_tag?post=1092"}],"curies":[{"name":"wp","href":"https:\/\/api.w.org\/{rel}","templated":true}]}}